{"id":4,"date":"2017-02-22T20:20:19","date_gmt":"2017-02-22T20:20:19","guid":{"rendered":"http:\/\/www.elcomplex.hu\/?page_id=4"},"modified":"2021-09-19T11:17:11","modified_gmt":"2021-09-19T11:17:11","slug":"fooldal","status":"publish","type":"page","link":"https:\/\/www.elcomplex.hu\/en\/","title":{"rendered":"F\u0151oldal"},"content":{"rendered":"<p><\/p>\n<header>\n<div class=\"top\">\n<div class=\"wrap\">\n<div class=\"lang\"><a href=\"..\/hu\">magyar<\/a><\/div>\n<div class=\"mail\"><i class=\"icon-mail\"><\/i><img decoding=\"async\" src=\"https:\/\/www.elcomplex.hu\/wp-content\/themes\/elcomplex\/images\/mail_top.png\" alt=\"\" \/><\/div>\n<\/div>\n<\/div>\n<nav>\n<p><a class=\"logo\" href=\"#home\" data-scroll=\"\"><img decoding=\"async\" src=\"https:\/\/www.elcomplex.hu\/wp-content\/themes\/elcomplex\/images\/elcomplex_logo.png\" alt=\"\" \/><\/a><\/p>\n<div class=\"nav-collapse\">\n<ul>\n<li class=\"active\"><a href=\"#home\" data-scroll=\"\">home<\/a><\/li>\n<li><a href=\"#bemutatkozas\" data-scroll=\"\">introducing<\/a><\/li>\n<li><a href=\"#termszolg\" data-scroll=\"\">products &amp; services<\/a><\/li>\n<li><a href=\"#kapcsolat\" data-scroll=\"\">contact<\/a><\/li>\n<\/ul>\n<\/div>\n<\/nav>\n<\/header>\n<section id=\"home\">\n<h1 class=\"hide\">Home<\/h1>\n<div class=\"main\"><img decoding=\"async\" src=\"https:\/\/www.elcomplex.hu\/wp-content\/themes\/elcomplex\/images\/main.png\" alt=\"\" \/><\/div>\n<div class=\"slogan\">\n<div class=\"first\"><\/div>\n<div class=\"second\">\ncomplex electronic solutions\n<\/div>\n<div class=\"threed\"><\/div>\n<\/div>\n<\/section>\n<section id=\"bemutatkozas\">\n<h1>introducing<\/h1>\n<div class=\"first\">\nElcomplex Kft. founded by professionals that offers full range of electronic solutions to its customers.\n<\/div>\n<div class=\"second\">\n<p><!-- BEMUTATKOZ\u00c1S SZ\u00d6VEG KEZDETE -->We research, develop, design, manufacture and market electronic solutions. We offer overall solutions, because we have competence, capacity, device background, supplier contact, which is necessary to the complex process of production. From ideas, worded tasks, or from specified drafts, our engineers develop a plan or a product which can be produced. From a sample or based on documentation we plan a product which can be produced with functions according to costumer claim.Together with embedded softwares, we prepare the necessary PC application.<!-- BEMUTATKOZ\u00c1S SZ\u00d6VEG V\u00c9GE --><\/p>\n<\/div>\n<\/section>\n<section id=\"termszolg\">\n<div class=\"wrap\">\n<h1>products &amp; services<\/h1>\n<\/div>\n<div class=\"container\">\n<div class=\"image\">\n<img decoding=\"async\" src=\"https:\/\/www.elcomplex.hu\/wp-content\/themes\/elcomplex\/images\/kutatas.png\" alt=\"\" \/>\n<\/div>\n<div class=\"text\">\n<h2>Research-development<\/h2>\n<p>From ideas, worded task or from accurate specifications, we develop electronics solutions, parts, units, modules, accessories or a complete product.<\/p>\n<p><span class=\"high\">The conceptual circuit diagram and the working board model are the final products of the development process.<\/span>\n<\/div>\n<\/div>\n<div class=\"container\">\n<div class=\"image\">\n<img decoding=\"async\" src=\"https:\/\/www.elcomplex.hu\/wp-content\/themes\/elcomplex\/images\/tervezes.png\" alt=\"\" \/>\n<\/div>\n<div class=\"text\">\n<h2>Design<\/h2>\n<p>From our own developments or from a specified circuit diagram, based on particular function, environmental requirements and sizes we design a prototype which can be mass-product.\n<\/p>\n<p>We make necessary production files and documentation with CAD programs.<\/p>\n<p><span class=\"high\">The production documentation and the checked prototype which can be produced are the final products of the planning process.<\/span>\n<\/div>\n<\/div>\n<div class=\"container\">\n<div class=\"image\">\n<img decoding=\"async\" src=\"https:\/\/www.elcomplex.hu\/wp-content\/themes\/elcomplex\/images\/gyartas.png\" alt=\"\" \/>\n<\/div>\n<div class=\"text\">\n<h2>Production<\/h2>\n<p>From plans we produce unique, little or a medium series product. The applied assembling, programming, calibration and cheque technologies are according to the serial amount.<\/p>\n<p><span class=\"high\">The checked quality packaged product supplied with documents is the final product of the production process.<\/span>\n<\/div>\n<\/div>\n<div class=\"container\">\n<div class=\"image\">\n<img decoding=\"async\" src=\"https:\/\/www.elcomplex.hu\/wp-content\/themes\/elcomplex\/images\/szoftver.png\" alt=\"\" \/>\n<\/div>\n<div class=\"text\">\n<h2>Embedded and costumer software<\/h2>\n<p><!-- SZOFTVER SZ\u00d6VEG KEZDETE -->The reliable and optimized software is important element of the embedded systems. We deal with Pic, Atmel, and ARM processors. We have many year experience with MPLAB developer environment. Our Windows softwares written C# language, in Visual Studio environment.<!-- SZOFTVER SZ\u00d6VEG V\u00c9GE --><\/p>\n<p><span class=\"high\"><!-- SZOFTVER K\u00c9K SZ\u00d6VEG KEZDETE -->The well working and tested software is the final product of development process.<!-- SZOFTVER K\u00c9K SZ\u00d6VEG V\u00c9GE --><\/span>\n<\/div>\n<\/div>\n<\/section>\n<section id=\"kapcsolat\">\n<h1 class=\"hide\">Contact<\/h1>\n<div class=\"wrap\">\nElcomplex Elektronikai Kereskedelmi \u00e9s Szolg\u00e1ltat\u00f3 Kft.<br \/>\n<img decoding=\"async\" src=\"https:\/\/www.elcomplex.hu\/wp-content\/themes\/elcomplex\/images\/mail.png\" alt=\"\" \/>\n<\/div>\n<\/section>\n<footer>\n<div class=\"rights\">\n\u00a9 2017 <a href=\"https:\/\/www.elcomplex.hu\/en\">Elcomplex Kft.<\/a> &#8211; All rights reserved!<br \/>\n<a href=\"#\" id=\"felhasznalasi\">Terms &amp; Conditions<\/a> | <a href=\"https:\/\/www.elcomplex.hu\/adat_en.pdf\">Privacy policy<\/a>\n<\/div>\n<\/footer>\n<div class=\"felhasznalasi\">\n<div class=\"wrap\">\n<h1>felhaszn\u00e1l\u00e1si felt\u00e9telek<\/h1>\n<p>\u00dcdv\u00f6z\u00f6lj\u00fck a www.elcomplex.hu oldalon! Az elcomplex.hu weboldal (tov\u00e1bbiakban &#8220;Weboldal&#8221;) haszn\u00e1lat\u00e1t a jelen Haszn\u00e1lati Felt\u00e9telek le\u00edr\u00e1s szab\u00e1lyozza. A Weboldalra, tulajdonosaira \u00e9s \u00fczemeltet\u0151ire a tov\u00e1bbiakban &#8220;Szolg\u00e1ltat\u00f3&#8221;-k\u00e9nt hivatkozunk. A Weboldalt felkeres\u0151 l\u00e1togat\u00f3kra a tov\u00e1bbiakban &#8220;Felhaszn\u00e1l\u00f3&#8221;-k\u00e9nt hivatkozunk. A honlapon l\u00e9v\u0151 oldalak megnyit\u00e1s\u00e1val, a rajta lev\u0151 inform\u00e1ci\u00f3k megtekint\u00e9s\u00e9vel a Felhaszn\u00e1l\u00f3 elfogadja a Haszn\u00e1lati Felt\u00e9teleket.<\/p>\n<h2>Tartalom<\/h2>\n<p>A Weboldalon el\u00e9rhet\u0151 tartalom illetve annak r\u00e9szletei (k\u00e9pek, grafik\u00e1k, design elemek, sz\u00f6vegek, cikkek, sz\u00f6veg \u00e9s cikkr\u00e9szletek, vide\u00f3k) \u00fczleti c\u00e9l\u00fa felhaszn\u00e1l\u00e1sa, elektronikus vagy nyomtatott form\u00e1ban t\u00f6rt\u00e9n\u0151 publik\u00e1l\u00e1sa, tov\u00e1bb\u00e9rt\u00e9kes\u00edt\u00e9se, a Weboldal v\u00e1ltozatlan form\u00e1ban t\u00f6rt\u00e9n\u0151 t\u00fckr\u00f6z\u00e9se a Szolg\u00e1ltat\u00f3 erre vonatkoz\u00f3 \u00edr\u00e1sos felhatalmaz\u00e1sa n\u00e9lk\u00fcl tilos. A Weboldalon l\u00e1that\u00f3 tartalom megtekint\u00e9s\u00e9vel a Felhaszn\u00e1l\u00f3 elfogadja, hogy a jogosulatlan felhaszn\u00e1l\u00e1s b\u00fcntet\u0151jogi k\u00f6vetkezm\u00e9nyekkel j\u00e1r.<\/p>\n<h2>A Weboldal k\u00e1rfelel\u0151ss\u00e9ge<\/h2>\n<p>A Szolg\u00e1ltat\u00f3 kiz\u00e1r b\u00e1rmely \u00e9s minden felel\u0151ss\u00e9get a Weboldalon elhelyezett inform\u00e1ci\u00f3k vagy anyagok hiteless\u00e9g\u00e9\u00e9rt, tartalm\u00e1\u00e9rt, megb\u00edzhat\u00f3s\u00e1g\u00e1\u00e9rt, vagy jogszer\u0171s\u00e9g\u00e9\u00e9rt. A Weboldal k\u00e1rfelel\u0151ss\u00e9get nem v\u00e1llal a Felhaszn\u00e1l\u00f3 \u00e1ltal ig\u00e9nybe vett Szolg\u00e1ltat\u00e1s, vagy tartalom k\u00f6vetkezt\u00e9ben fell\u00e9p\u0151 k\u00f6zvetlen vagy k\u00f6zvetett k\u00e1r\u00e9rt, adatveszt\u00e9s\u00e9rt, elmaradt haszon\u00e9rt, \u00fczleti vagy j\u00f3 h\u00edrn\u00e9v elveszt\u00e9s\u00e9\u00e9rt.<\/p>\n<h2>A Felhaszn\u00e1l\u00f3 k\u00e1rfelel\u0151ss\u00e9ge<\/h2>\n<p>Felhaszn\u00e1l\u00f3, amennyiben a Weboldal haszn\u00e1lat\u00e1val olyan k\u00e1rt okoz, amely\u00e9rt a Weboldal jav\u00edt\u00e1si d\u00edjat kell fizessen, k\u00f6teles azt megt\u00e9r\u00edteni.<\/p>\n<h2>A Weboldal haszn\u00e1lata, elemz\u00e9se, visszafejt\u00e9se<\/h2>\n<p>A Felhaszn\u00e1l\u00f3k nem l\u00e1togathatj\u00e1k, illetve nem k\u00f6z\u00f6lhetnek adatokat a Weboldallal valaki m\u00e1s nev\u00e9ben. A Felhaszn\u00e1l\u00f3k nem haszn\u00e1lhatnak olyan m\u00f3dszereket, robotokat, egy\u00e9b c\u00e9lprogramokat \u00e9s eszk\u00f6z\u00f6ket, amelyek a Weboldal \u00e1ltal biztos\u00edtott felhaszn\u00e1l\u00f3i fel\u00fclet \u00e9s funkcionalit\u00e1s mell\u0151z\u00e9s\u00e9vel pr\u00f3b\u00e1lnak a Szolg\u00e1ltat\u00e1s tartalm\u00e1hoz, a Felhaszn\u00e1l\u00f3k adataihoz vagy a Weboldal szerkezet\u00e9hez hozz\u00e1f\u00e9rni vagy azt b\u00e1rmilyen form\u00e1ban elemezni, biztons\u00e1gi k\u00e9pess\u00e9geit tesztelni. Amennyiben a Felhaszn\u00e1l\u00f3 tudom\u00e1s\u00e1ra jut a felhaszn\u00e1l\u00f3i fi\u00f3kadataival t\u00f6rt\u00e9n\u0151 illet\u00e9ktelen hozz\u00e1f\u00e9r\u00e9s vagy annak k\u00eds\u00e9rlete, k\u00f6teles err\u0151l a Szolg\u00e1ltat\u00f3t halad\u00e9ktalanul \u00e9rtes\u00edteni. Felhaszn\u00e1l\u00f3 k\u00e1rfelel\u0151ss\u00e9ggel tartozik a Felhaszn\u00e1l\u00f3 felhaszn\u00e1l\u00f3i fi\u00f3kadatainak illet\u00e9ktelen harmadik szem\u00e9ly \u00e1ltali felhaszn\u00e1l\u00e1s\u00e1val okozott esetleges k\u00e1rok\u00e9rt. A Weboldal nem v\u00e1llal felel\u0151ss\u00e9get a Felhaszn\u00e1l\u00f3 felhaszn\u00e1l\u00f3i fi\u00f3kadatainak illet\u00e9ktelen harmadik f\u00e9l \u00e1ltal t\u00f6rt\u00e9n\u0151 felhaszn\u00e1l\u00e1sa k\u00f6vetkezt\u00e9ben fell\u00e9p\u0151 k\u00f6zvetlen vagy k\u00f6zvetett k\u00e1r\u00e9rt, adatveszt\u00e9s\u00e9rt, elmaradt haszon\u00e9rt, \u00fczleti vagy j\u00f3 h\u00edrn\u00e9v elveszt\u00e9s\u00e9\u00e9rt.<\/p>\n<h2>Jogi nyilatkozat<\/h2>\n<p>A Szolg\u00e1ltat\u00f3 nem garant\u00e1lja, hogy a Weboldal funkcionalit\u00e1sa, az onnan el\u00e9rhet\u0151 tartalom, illetve a Weboldal \u00e1ltal ny\u00fajtott szolg\u00e1ltat\u00e1s mentes a hib\u00e1kt\u00f3l. A Weboldal \u00e9s annak tartalma el\u0151zetes bejelent\u00e9s n\u00e9lk\u00fcl b\u00e1rmikor v\u00e1ltozhat. A Weboldal semmilyen felel\u0151ss\u00e9get nem v\u00e1llal a Weboldal haszn\u00e1lat\u00e1b\u00f3l vagy haszn\u00e1lhatatlans\u00e1g\u00e1b\u00f3l ered\u0151, Felhaszn\u00e1l\u00f3 \u00e1ltal v\u00e9lt vagy val\u00f3s k\u00e1rok\u00e9rt, esetleges sz\u00e1m\u00edt\u00f3g\u00e9p meghib\u00e1sod\u00e1sok\u00e9rt. A Felhaszn\u00e1l\u00f3k saj\u00e1t felel\u0151ss\u00e9g\u00fckre haszn\u00e1lj\u00e1k a Weboldalt.<\/p>\n<\/div>\n<\/div>\n<p><\/p>","protected":false},"excerpt":{"rendered":"<p>magyar home introducing products &amp; services contact Home complex electronic solutions introducing Elcomplex Kft. founded by professionals that offers full range of electronic solutions to its customers. We research, develop, design, manufacture and market electronic solutions. We offer overall solutions, because we have competence, capacity, device background, supplier contact, which is necessary to the complex [&hellip;]<\/p>\n","protected":false},"author":1,"featured_media":0,"parent":0,"menu_order":0,"comment_status":"closed","ping_status":"closed","template":"fooldal.php","meta":{"footnotes":""},"_links":{"self":[{"href":"https:\/\/www.elcomplex.hu\/en\/wp-json\/wp\/v2\/pages\/4"}],"collection":[{"href":"https:\/\/www.elcomplex.hu\/en\/wp-json\/wp\/v2\/pages"}],"about":[{"href":"https:\/\/www.elcomplex.hu\/en\/wp-json\/wp\/v2\/types\/page"}],"author":[{"embeddable":true,"href":"https:\/\/www.elcomplex.hu\/en\/wp-json\/wp\/v2\/users\/1"}],"replies":[{"embeddable":true,"href":"https:\/\/www.elcomplex.hu\/en\/wp-json\/wp\/v2\/comments?post=4"}],"version-history":[{"count":15,"href":"https:\/\/www.elcomplex.hu\/en\/wp-json\/wp\/v2\/pages\/4\/revisions"}],"predecessor-version":[{"id":31,"href":"https:\/\/www.elcomplex.hu\/en\/wp-json\/wp\/v2\/pages\/4\/revisions\/31"}],"wp:attachment":[{"href":"https:\/\/www.elcomplex.hu\/en\/wp-json\/wp\/v2\/media?parent=4"}],"curies":[{"name":"wp","href":"https:\/\/api.w.org\/{rel}","templated":true}]}}